{"id":8,"date":"2014-06-01T12:56:11","date_gmt":"2014-06-01T10:56:11","guid":{"rendered":"http:\/\/www.zerocools.net\/web\/?page_id=8"},"modified":"2014-06-06T21:44:40","modified_gmt":"2014-06-06T19:44:40","slug":"thailand","status":"publish","type":"page","link":"http:\/\/www.zerocools.net\/web\/?page_id=8","title":{"rendered":"Thailand"},"content":{"rendered":"<p>&nbsp;<\/p>\n<p>Dies sind die \u00dcberreste meines Thailand-Blogs. Dieser war in drei Hauptseiten aufgegliedert:<\/p>\n<ol>\n<li><strong>Bangkok<\/strong><\/li>\n<li><strong>Rundreise<\/strong><\/li>\n<li><strong>Kao Lak<\/strong><\/li>\n<\/ol>\n<p>Nach dem Providerwechsel wollte die Datenbank nicht mehr so richtig und ich habe das hier nochmals kurz zusammengefasst.<\/p>\n<h3>Bilder von der Reise sind <a href=\"https:\/\/plus.google.com\/photos\/103898613347122643422\/albums\/6020654024513214769?authkey=CN2C_sqyvff-Pg\" target=\"_blank\">HIER<\/a> zu finden&#8230;<\/h3>\n<p><iframe loading=\"lazy\" title=\"Thailand 2012\" width=\"474\" height=\"356\" src=\"https:\/\/www.youtube.com\/embed\/V91o649XqPY?start=3&#038;feature=oembed\" frameborder=\"0\" allow=\"accelerometer; autoplay; clipboard-write; encrypted-media; gyroscope; picture-in-picture; web-share\" referrerpolicy=\"strict-origin-when-cross-origin\" allowfullscreen><\/iframe><\/p>\n<hr \/>\n<h1>Teil1: BANGKOK<\/h1>\n<ul>\n<li><strong>N\u00e4here Infos zu<\/strong> <strong>Bangko<\/strong><strong>k<\/strong>:<br \/>\nGrunds\u00e4tzlich ist jeder in Aufenthalt in der lebendigen Metropole mit ihren mehr als 11 Mio. Menschen zu kurz &#8211; die Zahl der Sehensw\u00fcrdigkeiten, Shoppingm\u00f6glichkeiten, gastronomischen Angebote und Freizeit-Aktivit\u00e4ten ist riesig. F\u00fcr Kulturinteressierte sind der Gro\u00dfe K\u00f6nigspalast, zu dessen Komplex der heiligste thail\u00e4ndische Tempel Wat Phra Kaeo mit dem geweihten Smaragdbuddha geh\u00f6rt, und der Vimamnek-Palast &#8211; das mit mehr als 80 R\u00e4umen gr\u00f6\u00dfte Geb\u00e4ude der Welt, das ganz aus golden schimmerndem Teak-Holz gebaut ist &#8211; ein Muss. Einen spirituellen Eindruck erh\u00e4lt man im Wat Pho, dem \u00e4ltesten und gr\u00f6\u00dften Tempel Bangkoks, wo die riesige Blattgold-\u00fcberzogene liegende Buddha-Statue das absolute Highlight ist.<\/li>\n<li><strong>SPORT &amp; UNTERHALTUNG<\/strong><br \/>\nBangkok und Thailand sind gleichbedeutend mit Thai-Boxen (Muay Thai), dem traditionellen Kickboxen, bei dem nicht nur die F\u00e4uste, sondern auch die F\u00fc\u00dfe, Knie und Ellbogen eingesetzt werden. F\u00fcr Besucher der Stadt stehen Tennis- und Golfpl\u00e4tze in der Umgebung zur Verf\u00fcgung.<\/li>\n<li><strong>AUSFL\u00dcGE<\/strong><br \/>\nIn und um Bangkok gibt es eine Vielzahl an Ausflugsm\u00f6glichkeiten. Der weltber\u00fchmte &#8222;K\u00f6nigspalast&#8220; z\u00e4hlt ebenso dazu, wie die schwimmenden M\u00e4rkte oder eine Fahrt zum River Kwai.<br \/>\nNicht entgehen lassen sollten Sie sich auch eine Dschunkenfahrt auf dem Chao Phraya, der die Stadt teilt und an den Ufern phantastische Fotomotive bietet &#8211; wie zB. den aus dem 17. Jhdt. stammenden Wat Arun-Tempel mit seinem 79 m hohen, mit bunten Keramikkacheln verzierten Turm. Beeindruckende Shoppingcenter, Theater, Kinos, Operetten, Museen und eine Vielzahl an Themenparks sorgen zus\u00e4tzlich f\u00fcr Abwechslung bei einem Bangkok-Trip.<br \/>\nUnd in Tagesausfl\u00fcgen erreichen Sie weitere Top-Attraktionen wie die Br\u00fccke am Kwai, den ber\u00fchmten schwimmenden Markt Damnoen Saduak, die ehemalige K\u00f6nigsstadt Ayutthaya oder den Erawan-Nationalpark mit seinen t\u00fcrkis glitzernden Wasserf\u00e4llen.<\/li>\n<\/ul>\n<p><iframe loading=\"lazy\" title=\"Destination - Bangkok\" width=\"474\" height=\"267\" src=\"https:\/\/www.youtube.com\/embed\/c0XZb2oyCnI?feature=oembed\" frameborder=\"0\" allow=\"accelerometer; autoplay; clipboard-write; encrypted-media; gyroscope; picture-in-picture; web-share\" referrerpolicy=\"strict-origin-when-cross-origin\" allowfullscreen><\/iframe><\/p>\n<hr \/>\n<h1>Teil 2: RUNDREISE<\/h1>\n<p><strong>N\u00e4here Infos zur Rundreise<\/strong>:<\/p>\n<ul>\n<li>Ideal um die Sch\u00f6nheiten Thailands zu erleben<\/li>\n<li>Abwechslungsreiche Tage mit viel Kultur<\/li>\n<li>Auch im Programm: der kuriose &#8222;train market&#8220; &#8211; eine \u00dcberraschung!<\/li>\n<li>Besuch im einzigartigen Tigerkloster<\/li>\n<li>Elefantencamp und Riverraftingm\u00f6glichkeit<\/li>\n<li>Besichtigung der weltber\u00fchmten Schwimmenden M\u00e4rkte und des River Kwai<\/li>\n<li>Fahrt mit der abenteuerlichen Todesbahn<\/li>\n<li>Sie sehen die einmaligen Langhalsfrauen<\/li>\n<li>Abstecher ins Goldene Dreieck<\/li>\n<\/ul>\n<p><strong>6 Tage Erlebnis-Rundreise<\/strong><\/p>\n<blockquote><p>Mit Abstand eine der beliebtesten Rundreise bei <a title=\"TaiPan - Travel your Dreams\" href=\"http:\/\/www.taipan.at\" target=\"_blank\">TAIPAN<\/a> in Asien. Seit fast zehn Jahren f\u00fchren sie dieses Programm durch und haben die Route st\u00e4ndig optimiert und angepasst.<\/p><\/blockquote>\n<h2><strong>Rundreiseroute<\/strong><\/h2>\n<p><img loading=\"lazy\" decoding=\"async\" class=\"alignleft wp-image-276\" src=\"http:\/\/www.zerocools.net\/web\/wp-content\/uploads\/2014\/06\/plan-416x1024.jpg\" alt=\"plan\" width=\"400\" height=\"983\" srcset=\"http:\/\/www.zerocools.net\/web\/wp-content\/uploads\/2014\/06\/plan-122x300.jpg 122w, http:\/\/www.zerocools.net\/web\/wp-content\/uploads\/2014\/06\/plan.jpg 705w\" sizes=\"auto, (max-width: 400px) 100vw, 400px\" \/><\/p>\n<p>Bangkok &#8211; Damnoen Saduak &#8211; Kanchanaburi &#8211; River Kwai &#8211; Todesbahn &#8211; Tigerkloster &#8211; Kanachanaburi &#8211; Supanburi &#8211; Ayuthaya &#8211; Pitsanuloke &#8211; Pha Yao &#8211; Maechan &#8211; Goldenes Dreieck &#8211; Chiang Saen &#8211; Chiang Rai &#8211; Sankhampaeng &#8211; Doi Suthep &#8211; Chiang Mai &#8211; Lampang &#8211; Sukothai &#8211; Lopburi &#8211; Bangkok<\/p>\n<p><strong>1. TAG<\/strong>: <strong><em>Bangkok &#8211; Damnoen Saduak &#8211; River Kwai &#8211; Todesbahn &#8211; Tigerkloster<\/em><\/strong><\/p>\n<pre>Tagesetappe: 290 Kilometer \/ 11 Stunden\r\nVerpflegung: A<\/pre>\n<p>Am fr\u00fchen Morgen werden Sie von Ihrem Hotel in Bangkok abgeholt und beginnen eine eindrucksvolle Rundreise mit vielen kulturellen und landschaftlichen Highlights. Unser erster Stopp birgt eine einmalige Kuriosit\u00e4t; den einzigartigen &#8222;train market&#8220; &#8211; lassen Sie sich \u00fcberraschen! Den n\u00e4chsten Halt unternehmen Sie bei einer kleinen Fabrik, wo Ihnen die Raffinierung von Zucker aus Palmen demonstriert wird. Dann f\u00fchrt die erste Etappe nach Damnoen Saduak zum ber\u00fchmten Schwimmenden Markt. Mit einem Longtailboot fahren Sie durch die Kan\u00e4le, freundliche Thais legen mit ihren Booten l\u00e4ngsseits an und Sie haben die M\u00f6glichkeit verschiedene Souvenirs zu erstehen. Unser n\u00e4chster Stopp erfolgt in Kanchanaburi, wo Sie einen kurzen Spaziergang zur ber\u00fchmten Br\u00fccke am Kwai machen, die w\u00e4hrend des zweiten Weltkrieges von Gefangenen erbaut wurde. Nach kurzer Fahrt steht ein weiteres Highlight am Programm: der Besuch des Tigerklosters. Diese eindrucksvollen Raubkatzen, die von M\u00f6nchen versorgt werden und sich teilweise auch frei bewegen d\u00fcrfen, werden Ihnen unvergesslich bleiben. Den Abschluss des heutigen Tages bildet eine Fahrt in der ber\u00fchmten Todesbahn, die Sie durch herrliche Landschaften und \u00fcber gef\u00e4hrlich aussehende Viadukte zur &#8222;Tha Kilen- Station&#8220; bringt, von wo aus Sie zu Ihrem Quartier (einer landestypischen Lodge) in Kanachanburi fahren, wo Sie n\u00e4chtigen und Abendessen werden.<\/p>\n<p><strong>2. TAG: <em>Kanchanburi &#8211; Supanburi &#8211; Ayuthaya &#8211; Pitsanuloke<\/em><\/strong><\/p>\n<pre>Tagesetappe: 570 Kilometer \/ 11 Stunden\r\nVerpflegung: F \/ A<\/pre>\n<p>Nach einem ausgiebigen Fr\u00fchst\u00fcck geht es weiter in die Provinz Supanburi, wo ein Besuch des ber\u00fchmten Wat Palaylai mit dem sitzenden Buddha auf dem Programm steht. Danach fahren wir nach Ayuthaya und beginnen mit der Besichtigung der Stadt, UNESCO Weltkulturerbe und ehemalige Hauptstadt Thailands. Mit dabei sind nat\u00fcrlich der Mongkol Borphitr, der Wat Mahathat und der Wat Phra Srisanphet, der mit ca. 600 Jahren auch der \u00e4lteste Tempel Ayuthayas ist. Nun geht es weiter in Richtung Phitsanuloke, wo wir die Buddhastatue Phra Buddha Chinaraj besichtigen und dann Quartier beziehen.<\/p>\n<p><strong>3. TAG: <em>Pitsanuloke &#8211; Pha Yao &#8211; Maechan &#8211; Goldenes Dreieck &#8211; Chiang Saen &#8211; Chian<\/em><\/strong><\/p>\n<pre>Tagesetappe: 510 Kilometer \/ 11 Stunden\r\nVerpflegung: F \/ A<\/pre>\n<p>Den ersten Halt nach dem Fr\u00fchst\u00fcck auf unserem Weg in den Norden machen wir in Kwan Payao, einem riesigen S\u00fc\u00dfwassersee in wundersch\u00f6ner Umgebung mit \u00fcppigem Fischbestand, welcher als Lebensmittelpunkt vieler Menschen in dieser Gegend gilt. Nach der Ankunft in der Provinz Chiang Rai stoppen wir beim sogenannten Wei\u00dfen Tempel, Wat Rong Khun, gebaut von einem der ber\u00fchmtesten Architekten Thailands. Anschlie\u00dfend fahren Sie durch traumhafte Landschaften und tropische Regenw\u00e4lder weiter in n\u00f6rdlicher Richtung, genauer gesagt in die Stadt Maechan und besuchen D\u00f6rfer der Bergst\u00e4mme der Akha, Yao und Padaung (mit seinen ber\u00fchmten Langhalsfrauen), wo Sie neben den Eindr\u00fccken des l\u00e4ndlichen Lebens auch Souvenirs und selbst gefertigtes Kunsthandwerk erstehen k\u00f6nnen. Dann geht es zum Goldenen Dreieck, nur der Fluss trennt hier Laos, Myanmar (Burma) und Thailand. Ganz in der N\u00e4he steht ein kleiner Tempel auf einem H\u00fcgel, von der Spitze aus haben Sie einen pr\u00e4chtigen Panoramablick \u00fcber den Mekong River. Mit einem typischen Longtailboot bringen wir Sie nach Chiang Saen und dann per Bus nach Chiang Rai, wo Sie Quartier beziehen.<\/p>\n<p><strong>4. TAG: <em>Chiang Rai &#8211; Sankhampaeng &#8211; Doi Suthep &#8211; Chiang Mai<\/em><\/strong><\/p>\n<pre>Tagesetappe: 250 Kilometer \/ 10 Stunden\r\nVerpflegung: F \/ M<\/pre>\n<p>Zuerst f\u00fchrt die Route \u00fcber die kurvigen Bergstra\u00dfen in die Provinz Chiang Mai. Zum Shoppen halten Sie nahe dem Ort Sankhampaeng bei einem der bekanntesten Handwerkszentren. Hier haben Sie die M\u00f6glichkeit zu g\u00fcnstigen Preisen Silberschmuck, Holzschnitzereien, handbemalte Schirme und F\u00e4cher sowie Seidenerzeugnisse zu erstehen. Es folgt die Besichtigung des Doi Suthep, ein farbenpr\u00e4chtiger und als kultureller H\u00f6hepunkt geltender Bergtempel. Von hier aus haben Sie einen sch\u00f6nen Blick auf die Stadt Chiang Mai und durch den Besuch zahlreicher M\u00f6nche ergeben sich auch immer eindrucksvolle Motive f\u00fcr Ihre Kamera. Am Abend haben Sie noch die M\u00f6glichkeit \u00fcber den Nachtmarkt bummeln und das eine oder andere Schn\u00e4ppchen zu finden.<\/p>\n<p><strong>5. TAG: <em>Chiang Mai &#8211; Lampang &#8211; Sukothai<\/em><\/strong><\/p>\n<pre>Tagesetappe: 460 Kilometer \/ 11 Stunden\r\nVerpflegung: F \/ A<\/pre>\n<p>Den Anfang des heutigen Besichtigungsprogramms bildet der Besuch bei den Elefanten in ihrem Arbeitscamp. Seit Jahrhunderten werden diese Tiere speziell bei der Holzgewinnung eingesetzt und die Geschicklichkeit der Dickh\u00e4uter wird eindrucksvoll demonstriert. Fakultativ werden anschlie\u00dfend Elefantenritte und eine kurze Tour auf Bambusfl\u00f6\u00dfen angeboten. Als n\u00e4chstes halten wir bei einer Orchideenfarm. Das ganze Jahr \u00fcber sehen Sie hier die Blumen in voller Bl\u00fctenpracht. Sie k\u00f6nnen hier Fotos machen, aber sich auch gerne Tipps geben lassen, wie diese traumhaften Pflanzen auch in unserem Klima gedeihen. Nun brechen Sie wieder Richtung S\u00fcden auf. Die Fahrt geht nach Lampang, genauer gesagt zum Tempel Wat Pra That Lampang Luang im burmesischen Stil und anschlie\u00dfend zum Markt Tung Kwien. Die letzte Etappe des heutigen Tages bringt Sie anschlie\u00dfend am fr\u00fchen Abend nach Sukothai.<\/p>\n<p><strong>6. TAG: <em>Sukothai &#8211; Lopburi &#8211; Bangkok<\/em><\/strong><\/p>\n<pre>Tagesetappe: 450 Kilometer \/ 10 Stunden \r\nVerpflegung: F \/ M<\/pre>\n<p>Sukothai war 1238 bis 1365 Hauptstadt des Landes und von der einstigen Pracht zeugen heute noch viele Bauwerke, die zum UNESCO-Weltkulturerbe z\u00e4hlen. Vormittags werden im Rahmen einer Stadtrundfahrt die spektakul\u00e4rsten Anlagen wie Wat Srasri, Wat Mahathat und Wat Sri Sawai ausf\u00fchrlich besichtigt. Dann fahren Sie nach Lopburi, wo die ebenfalls pr\u00e4chtige Tempelanlage Phra Prang Samyod im kambodschanischen Stil einen weiteren Besichtigungspunkt Ihrer Rundreise darstellt. Hier und fast in der ganzen Stadt treffen Sie auf eine Vielzahl von Affen, was Lopburi auch den Beinamen Affenstadt eingebracht hat.<\/p>\n<p>Nach dem Mittagessen in einem lokalen Restaurant geht es nun in Richtung Bangkok. Ganz nach Ihren W\u00fcnschen werden Sie am sp\u00e4ten Nachmittag zum Flughafen von Bangkok gebracht (es ist an diesem Tag noch m\u00f6glich, sowohl die Abendmaschine nach Phuket als auch nach Koh Samui zu erreichen) oder anschlie\u00dfend zu jedem beliebigen Hotel in der Stadt.<\/p>\n<p>&nbsp;<\/p>\n<address><strong>Leistungen:<\/strong><br \/>\n<strong>&#8211;<\/strong> Deutschsprachige Reiseleitung<br \/>\n<strong><span style=\"font-family: Thread-00001248-Id-0000024b;\">&#8211;<\/span><\/strong> Unterkunft in ausgew\u00e4hlten Hotels der Kategorie Komfort (bis auf die erste N\u00e4chtigung)<br \/>\n<strong><span style=\"font-family: Thread-00001248-Id-0000024b;\">&#8211;<\/span><\/strong> T\u00e4glich Fr\u00fchst\u00fcck<br \/>\n<strong><span style=\"font-family: Thread-00001248-Id-0000024b;\">&#8211;<\/span><\/strong> Zus\u00e4tzliche Verpflegung wie angegeben<br \/>\n<strong><span style=\"font-family: Thread-00001248-Id-0000024b;\">&#8211;<\/span><\/strong> Alle Eintrittsgeb\u00fchren<br \/>\n<strong><span style=\"font-family: Thread-00001248-Id-0000024b;\">&#8211;<\/span><\/strong> Minigruppe mit maximal 6 Personen pro Bus<\/address>\n<hr \/>\n<h1>Teil 3: KAO LAK<\/h1>\n<p>Hotel JW MARRIOT Ressort &amp; Spa, Kao Lak<\/p>\n<div id='gallery-1' class='gallery galleryid-8 gallery-columns-3 gallery-size-thumbnail'><figure class='gallery-item'>\n\t\t\t<div class='gallery-icon portrait'>\n\t\t\t\t<a href='http:\/\/www.zerocools.net\/web\/?attachment_id=282'><img loading=\"lazy\" decoding=\"async\" width=\"150\" height=\"150\" src=\"http:\/\/www.zerocools.net\/web\/wp-content\/uploads\/2014\/06\/jw6-150x150.jpg\" class=\"attachment-thumbnail size-thumbnail\" alt=\"\" aria-describedby=\"gallery-1-282\" \/><\/a>\n\t\t\t<\/div>\n\t\t\t\t<figcaption class='wp-caption-text gallery-caption' id='gallery-1-282'>\n\t\t\t\tLobby\n\t\t\t\t<\/figcaption><\/figure><figure class='gallery-item'>\n\t\t\t<div class='gallery-icon landscape'>\n\t\t\t\t<a href='http:\/\/www.zerocools.net\/web\/?attachment_id=281'><img loading=\"lazy\" decoding=\"async\" width=\"150\" height=\"150\" src=\"http:\/\/www.zerocools.net\/web\/wp-content\/uploads\/2014\/06\/jw5-150x150.jpg\" class=\"attachment-thumbnail size-thumbnail\" alt=\"\" aria-describedby=\"gallery-1-281\" \/><\/a>\n\t\t\t<\/div>\n\t\t\t\t<figcaption class='wp-caption-text gallery-caption' id='gallery-1-281'>\n\t\t\t\tAusblick auf einen Pool\n\t\t\t\t<\/figcaption><\/figure><figure class='gallery-item'>\n\t\t\t<div class='gallery-icon landscape'>\n\t\t\t\t<a href='http:\/\/www.zerocools.net\/web\/?attachment_id=280'><img loading=\"lazy\" decoding=\"async\" width=\"150\" height=\"150\" src=\"http:\/\/www.zerocools.net\/web\/wp-content\/uploads\/2014\/06\/jw4-150x150.jpg\" class=\"attachment-thumbnail size-thumbnail\" alt=\"\" aria-describedby=\"gallery-1-280\" \/><\/a>\n\t\t\t<\/div>\n\t\t\t\t<figcaption class='wp-caption-text gallery-caption' id='gallery-1-280'>\n\t\t\t\tAbends\n\t\t\t\t<\/figcaption><\/figure><figure class='gallery-item'>\n\t\t\t<div class='gallery-icon landscape'>\n\t\t\t\t<a href='http:\/\/www.zerocools.net\/web\/?attachment_id=277'><img loading=\"lazy\" decoding=\"async\" width=\"150\" height=\"150\" src=\"http:\/\/www.zerocools.net\/web\/wp-content\/uploads\/2014\/06\/jw1-150x150.jpg\" class=\"attachment-thumbnail size-thumbnail\" alt=\"\" aria-describedby=\"gallery-1-277\" \/><\/a>\n\t\t\t<\/div>\n\t\t\t\t<figcaption class='wp-caption-text gallery-caption' id='gallery-1-277'>\n\t\t\t\tZimmerausblick\n\t\t\t\t<\/figcaption><\/figure><figure class='gallery-item'>\n\t\t\t<div class='gallery-icon landscape'>\n\t\t\t\t<a href='http:\/\/www.zerocools.net\/web\/?attachment_id=278'><img loading=\"lazy\" decoding=\"async\" width=\"150\" height=\"150\" src=\"http:\/\/www.zerocools.net\/web\/wp-content\/uploads\/2014\/06\/jw2-150x150.jpg\" class=\"attachment-thumbnail size-thumbnail\" alt=\"\" aria-describedby=\"gallery-1-278\" \/><\/a>\n\t\t\t<\/div>\n\t\t\t\t<figcaption class='wp-caption-text gallery-caption' id='gallery-1-278'>\n\t\t\t\tPool Access\n\t\t\t\t<\/figcaption><\/figure><figure class='gallery-item'>\n\t\t\t<div class='gallery-icon landscape'>\n\t\t\t\t<a href='http:\/\/www.zerocools.net\/web\/?attachment_id=279'><img loading=\"lazy\" decoding=\"async\" width=\"150\" height=\"150\" src=\"http:\/\/www.zerocools.net\/web\/wp-content\/uploads\/2014\/06\/jw3-150x150.jpg\" class=\"attachment-thumbnail size-thumbnail\" alt=\"\" aria-describedby=\"gallery-1-279\" \/><\/a>\n\t\t\t<\/div>\n\t\t\t\t<figcaption class='wp-caption-text gallery-caption' id='gallery-1-279'>\n\t\t\t\tAnderer Pool\n\t\t\t\t<\/figcaption><\/figure>\n\t\t<\/div>\n\n<p><strong>Deluxe Pool Access Room mit eigenen Poolzugang<\/strong><\/p>\n<p><strong>\u00dcber das Hotel:<\/strong><\/p>\n<p>Entdecken Sie die Sch\u00e4tze von Khao Lak im neuesten Vorzeigehotels von Marriott in Thailand, dem JW Marriott Khao Lak Resort and Spa, laut Cond\u00e9 Nast Traveler eines der weltweit besten neuen Hotels 2010. Sein unber\u00fchrter wei\u00dfer Sandstrand erstreckt sich auf einer L\u00e4nge von vielen Kilometern und geht direkt in das fantastisch azurblaue Wasser des Andamanischen Meeres \u00fcber. Khao Lak in der Provinz Phang Nga nahe Phuket ist ein verborgenes Paradies aus Sonne, Meer und Sand sowie \u00fcppigem tropischem Gr\u00fcn, Bergen aus Granitgestein und atemberaubenden Wasserf\u00e4llen. Der gro\u00dfe, landschaftlich gestaltete Bereich innerhalb des Resortgel\u00e4ndes und der l\u00e4ngste Swimmingpool S\u00fcdostasiens machen das nur etwas \u00fcber eine Autostunde vom Flughafen Phuket entfernte Resort zum idealen Ort f\u00fcr Urlaube.<\/p>\n<p><strong>Sehensw\u00fcrdigkeiten in der N\u00e4he:<\/strong><\/p>\n<ul>\n<li>Chong Fah Waterfall &#8211; in Lumru National Park, is a five-tier waterfall<\/li>\n<li>Khao Lak Lam Ru National Park &#8211; in the shore area near sea covering the rock beach ecological system<\/li>\n<li>Similan National Park &#8211; pier islands, one of the most famous diving sites in Thailand<\/li>\n<li>Evening Market at Ban Niang &#8211; Wednesday and Saturdays, outdoor sells food and clothes<\/li>\n<li>Khao Lak Elephant Camp &#8211; enjoy elephant trekking, shows and rides<\/li>\n<li>Sairung Waterfall &#8211; has strong current that cascades from a huge high cliff<\/li>\n<li>Wat Khrom Me Nee Ya Khet &#8211; Buddhist temple<\/li>\n<li>Takuapa and Old Town &#8211; Sino-Portuguese architecture, typical local market, best in early mornings<\/li>\n<li>Cheow Lan Lake and Rachaphrapha Dam &#8211; superb views over the lake to the limestone ridges, boat trips<\/li>\n<li>Saori Foundation Centre &#8211; its own textile designs after a Japanese monk with nice products Mon-Sat<\/li>\n<\/ul>\n<p>Au\u00dfergew\u00f6hnliche, tropische Naturschauspiele, lange, von Palmen ges\u00e4umte Sandstr\u00e4nde und eine gem\u00fctliche Atmosph\u00e4re abseits von Hektik &#8211; das finden Sie in Khao Lak, das nur eine Autostunde vom Badeparadies Phuket entfernt liegt. Die dschungelbedeckten Berge dominieren die Landschaft und wollen erforscht werden. So sind die Nationalparks von Khao Lak und Khao Sok auf jeden Fall einen Besuch wert. Auch die Tropfstein-H\u00f6hlen und einige bezaubernde Wasserf\u00e4lle in der Umgebung werden jeden Naturfreund begeistern. \u00dcbrigens: Eine Dschungelsafari auf dem R\u00fccken eines Elefanten oder eine Kanufahrt entlang von \u00fcppiger Vegetation sind unvergessliche Eindr\u00fccke!<\/p>\n<p><strong>EINWOHNERANZAHL<\/strong><br \/>\nIm Gro\u00dfraum Khao Lak leben ca. 5000 Menschen.<\/p>\n<p><strong>SPORT &amp; UNTERHALTUNG<\/strong><br \/>\nDie vorgelagerten Similan und Surin-Inseln sind ein Paradies f\u00fcr Taucher.<br \/>\nDaneben werden verschiedene Wassersportarten am Strand angeboten. Aber auch Golf kann gespielt werden.<\/p>\n<p>Taucher haben Khao Lak schon lange als Urlaubsparadies entdeckt: Die beeindruckende Unterwasserwelt rund um die Similan Islands bzw. die Surin Inseln ist von Khao Lak aus gut erreichbar.<br \/>\nIn den komfortablen Hotels aller Kategorien sowie den zahlreichen Restaurants und Bars sorgt die au\u00dfergew\u00f6hnliche Gastfreundschaft der Einheimischen daf\u00fcr, dass Ihnen ein unvergesslicher Urlaub im Naturparadies Khao Lak geboten wird.<\/p>\n<p><strong>AUSFLUG<\/strong><br \/>\nJames Bond Rock, Phi Phi Island oder auch inzwischen der Khao Sok National Park.<br \/>\nWeiter im Angebot: Cheow Lan Lake, Sea Canoe Touren, Similan Inseln, Surin Inseln, Ranong, Phang Nga Hinterland, Krabi, Elefantenreiten, Bambusrafting, Canoeing, Wandern.<\/p>\n","protected":false},"excerpt":{"rendered":"<p>&nbsp; Dies sind die \u00dcberreste meines Thailand-Blogs. Dieser war in drei Hauptseiten aufgegliedert: Bangkok Rundreise Kao Lak Nach dem Providerwechsel wollte die Datenbank nicht mehr so richtig und ich habe das hier nochmals kurz zusammengefasst. Bilder von der Reise sind HIER zu finden&#8230; Teil1: BANGKOK N\u00e4here Infos zu Bangkok: Grunds\u00e4tzlich ist jeder in Aufenthalt in &hellip; <a href=\"http:\/\/www.zerocools.net\/web\/?page_id=8\" class=\"more-link\"><span class=\"screen-reader-text\">Thailand<\/span> weiterlesen <span class=\"meta-nav\">&rarr;<\/span><\/a><\/p>\n","protected":false},"author":2,"featured_media":312,"parent":2,"menu_order":0,"comment_status":"open","ping_status":"open","template":"","meta":{"footnotes":""},"class_list":["post-8","page","type-page","status-publish","has-post-thumbnail","hentry"],"_links":{"self":[{"href":"http:\/\/www.zerocools.net\/web\/index.php?rest_route=\/wp\/v2\/pages\/8","targetHints":{"allow":["GET"]}}],"collection":[{"href":"http:\/\/www.zerocools.net\/web\/index.php?rest_route=\/wp\/v2\/pages"}],"about":[{"href":"http:\/\/www.zerocools.net\/web\/index.php?rest_route=\/wp\/v2\/types\/page"}],"author":[{"embeddable":true,"href":"http:\/\/www.zerocools.net\/web\/index.php?rest_route=\/wp\/v2\/users\/2"}],"replies":[{"embeddable":true,"href":"http:\/\/www.zerocools.net\/web\/index.php?rest_route=%2Fwp%2Fv2%2Fcomments&post=8"}],"version-history":[{"count":20,"href":"http:\/\/www.zerocools.net\/web\/index.php?rest_route=\/wp\/v2\/pages\/8\/revisions"}],"predecessor-version":[{"id":300,"href":"http:\/\/www.zerocools.net\/web\/index.php?rest_route=\/wp\/v2\/pages\/8\/revisions\/300"}],"up":[{"embeddable":true,"href":"http:\/\/www.zerocools.net\/web\/index.php?rest_route=\/wp\/v2\/pages\/2"}],"wp:featuredmedia":[{"embeddable":true,"href":"http:\/\/www.zerocools.net\/web\/index.php?rest_route=\/wp\/v2\/media\/312"}],"wp:attachment":[{"href":"http:\/\/www.zerocools.net\/web\/index.php?rest_route=%2Fwp%2Fv2%2Fmedia&parent=8"}],"curies":[{"name":"wp","href":"https:\/\/api.w.org\/{rel}","templated":true}]}}