{"id":27,"date":"2014-06-01T13:01:26","date_gmt":"2014-06-01T11:01:26","guid":{"rendered":"http:\/\/www.zerocools.net\/web\/?page_id=27"},"modified":"2016-04-25T09:26:39","modified_gmt":"2016-04-25T07:26:39","slug":"links","status":"publish","type":"page","link":"http:\/\/www.zerocools.net\/web\/?page_id=27","title":{"rendered":"Links"},"content":{"rendered":"<h1>Hier findet ihr diverse Links zu diversen Seiten &#8211; Bunt gemischt UND informativ!<\/h1>\n<h1>Copter:<\/h1>\n<ul>\n<li><a href=\"http:\/\/www.mikrodrohne.de\" target=\"_blank\">www.mikrodrohne.de<\/a> &#8211; Helmut Jan\u00dfen baut Euch einen Copter und hat fundiertes Fachwissen und gute Preise! &#8211; <a href=\"www.mikrodrohne.de\/web\" target=\"_blank\">www.mikrodrohne.de\/web<\/a> wird von mir betreut.<\/li>\n<li><a href=\"http:\/\/www.campilot.tv\" target=\"_blank\">www.campilot.tv <\/a>\u00a0&#8211; <strong>MULIKOPTERSHOP und Informative Seite von Manfred &#8211; Bauberichte und mehr sind hier zu finden &#8211;\u00a0mein Drohnenguru in \u00d6sterreich.<\/strong><\/li>\n<li><a href=\"http:\/\/www.fpv1.de%20\" target=\"_blank\">www.fpv1.de<\/a>\u00a0 &#8211; Wohlsortierte Teile und Leckerbissen f\u00fcr Copter &#8211; immer wieder super Angebote f\u00fcr Videobrillen und Flytrex.<\/li>\n<\/ul>\n<h1>Diorahmen:<\/h1>\n<ul>\n<li><a href=\"http:\/\/www.scatting-nobility.at\" target=\"_blank\">www.scatting-nobility.at <\/a>&#8211; Dank Oliver Schadler hab ich nun\u00a0 noch mehr dieser Zunft unter eine gemeinsame Webpr\u00e4senz gebracht &#8211; wird von mir betreut<\/li>\n<\/ul>\n<h1>Ideen planen und verwirklichen<\/h1>\n<ul>\n<li><a href=\"http:\/\/www.happylab.at\" target=\"_blank\">www.happylab.at<\/a> &#8211; Das ULTIMATIVE &#8222;TOOL&#8220; um von Projekten, \u00fcber die Planung schnell zu fertigen Projekten zu kommen. (RAPID PROTOTYPING mit Foliencutter, 3D-Druckern, Lasercutter, CNC Fr\u00e4sen uvm&#8230;)<\/li>\n<\/ul>\n<h1>Rund ums Auto:<\/h1>\n<ul>\n<li><a href=\"http:\/\/http:\/\/www.kfz-zeiler.at\/\" target=\"_blank\">www.kfz-zeiler.at<\/a> Der beste Spengler, den ich je kennenlernen durfte\u00a0&#8211; Webauftritt von ihm habe ich noch ein Weilchen in Arbeit<\/li>\n<\/ul>\n<h1>Weitere Seiten von Freunden:<\/h1>\n<ul>\n<li><a href=\"http:\/\/michi.casaberg.at\/\" target=\"_blank\">http:\/\/michi.casaberg.at<\/a> &#8211; Fotoblog von Michael &#8211; Best Friend &amp; Pictures ever seen<\/li>\n<li><a href=\"http:\/\/www.matischek.com\/\" target=\"_blank\">www.matischek.com<\/a> &#8211;\u00a0Rainers Infoseite &#8211; Layout war von mir (Seite ist aber schon uralt und &#8222;outdated&#8220;)<\/li>\n<\/ul>\n<h1>Webseiten, an denen ich mich auch noch verwirklichen durfte:<\/h1>\n<ul>\n<li><a href=\"http:\/\/berzelius.schule.wien.at\">http:\/\/berzelius.schule.wien.at<\/a> Schulhomepage der VS Berzeliusgasse in Wien &#8211; Allo Logos wurden ebenso von mir erstellt &#8211; ebenso das Schulmaskottchen &#8222;B\u00e4r Z\u00e4hlius&#8220; &#8211; das Copyright alleine habe ich aber der VS Berzelius \u00fcbertragen!<img loading=\"lazy\" decoding=\"async\" class=\"size-medium wp-image-691 aligncenter\" src=\"http:\/\/www.zerocools.net\/web\/wp-content\/uploads\/2014\/06\/BaerenlogoFarbe3D600px-214x300.png\" alt=\"BaerenlogoFarbe3D600px\" width=\"214\" height=\"300\" srcset=\"http:\/\/www.zerocools.net\/web\/wp-content\/uploads\/2014\/06\/BaerenlogoFarbe3D600px-214x300.png 214w, http:\/\/www.zerocools.net\/web\/wp-content\/uploads\/2014\/06\/BaerenlogoFarbe3D600px.png 600w\" sizes=\"auto, (max-width: 214px) 100vw, 214px\" \/><\/li>\n<\/ul>\n<p>&nbsp;<\/p>\n<p>&nbsp;<\/p>\n<p>&nbsp;<\/p>\n","protected":false},"excerpt":{"rendered":"<p>Hier findet ihr diverse Links zu diversen Seiten &#8211; Bunt gemischt UND informativ! Copter: www.mikrodrohne.de &#8211; Helmut Jan\u00dfen baut Euch einen Copter und hat fundiertes Fachwissen und gute Preise! &#8211; www.mikrodrohne.de\/web wird von mir betreut. www.campilot.tv \u00a0&#8211; MULIKOPTERSHOP und Informative Seite von Manfred &#8211; Bauberichte und mehr sind hier zu finden &#8211;\u00a0mein Drohnenguru in \u00d6sterreich. &hellip; <a href=\"http:\/\/www.zerocools.net\/web\/?page_id=27\" class=\"more-link\"><span class=\"screen-reader-text\">Links<\/span> weiterlesen <span class=\"meta-nav\">&rarr;<\/span><\/a><\/p>\n","protected":false},"author":2,"featured_media":0,"parent":0,"menu_order":0,"comment_status":"closed","ping_status":"open","template":"","meta":{"footnotes":""},"class_list":["post-27","page","type-page","status-publish","hentry"],"_links":{"self":[{"href":"http:\/\/www.zerocools.net\/web\/index.php?rest_route=\/wp\/v2\/pages\/27","targetHints":{"allow":["GET"]}}],"collection":[{"href":"http:\/\/www.zerocools.net\/web\/index.php?rest_route=\/wp\/v2\/pages"}],"about":[{"href":"http:\/\/www.zerocools.net\/web\/index.php?rest_route=\/wp\/v2\/types\/page"}],"author":[{"embeddable":true,"href":"http:\/\/www.zerocools.net\/web\/index.php?rest_route=\/wp\/v2\/users\/2"}],"replies":[{"embeddable":true,"href":"http:\/\/www.zerocools.net\/web\/index.php?rest_route=%2Fwp%2Fv2%2Fcomments&post=27"}],"version-history":[{"count":10,"href":"http:\/\/www.zerocools.net\/web\/index.php?rest_route=\/wp\/v2\/pages\/27\/revisions"}],"predecessor-version":[{"id":64,"href":"http:\/\/www.zerocools.net\/web\/index.php?rest_route=\/wp\/v2\/pages\/27\/revisions\/64"}],"wp:attachment":[{"href":"http:\/\/www.zerocools.net\/web\/index.php?rest_route=%2Fwp%2Fv2%2Fmedia&parent=27"}],"curies":[{"name":"wp","href":"https:\/\/api.w.org\/{rel}","templated":true}]}}