{"id":2,"date":"2014-06-01T08:52:21","date_gmt":"2014-06-01T08:52:21","guid":{"rendered":""},"modified":"2014-06-06T10:09:57","modified_gmt":"2014-06-06T08:09:57","slug":"beispiel-seite","status":"publish","type":"page","link":"http:\/\/www.zerocools.net\/web\/?page_id=2","title":{"rendered":"Reisen"},"content":{"rendered":"<h3><a title=\"Florida\" href=\"http:\/\/www.zerocools.net\/web\/?page_id=6\">Florida<\/a><\/h3>\n<p>Miami &#8211; Cape Canaveral -Disney World &#8211; Tarpon Springs &#8211; Ford Edison Winter Home &#8211; Everglades &#8211; Key West &#8211; uvm&#8230;<\/p>\n<h3><a title=\"\u00c4gypten\" href=\"http:\/\/www.zerocools.net\/web\/?page_id=13\">\u00c4gypten<\/a><\/h3>\n<p>Sharm El Sheikh<\/p>\n<h3><a title=\"Warnem\u00fcnde \u2013 Robben\" href=\"http:\/\/www.zerocools.net\/web\/?page_id=10\">Warnem\u00fcnde und die Robben<\/a><\/h3>\n<p>Seehundforschungsstation &#8211; Warnem\u00fcnde &#8211; Kurztrip<\/p>\n<h3><a title=\"Thailand\" href=\"http:\/\/www.zerocools.net\/web\/?page_id=8\">Thailand<\/a><\/h3>\n<p>Bangkok &#8211; Rundreise &#8211; Kao Lak &#8211; Similan Island<\/p>\n<h3><a title=\"Weitere Urlaube\" href=\"http:\/\/www.zerocools.net\/web\/?page_id=29\">Weitere Urlaube<\/a><\/h3>\n<p>mehr kommt noch&#8230;. hoffentlich \ud83d\ude42<\/p>\n","protected":false},"excerpt":{"rendered":"<p>Florida Miami &#8211; Cape Canaveral -Disney World &#8211; Tarpon Springs &#8211; Ford Edison Winter Home &#8211; Everglades &#8211; Key West &#8211; uvm&#8230; \u00c4gypten Sharm El Sheikh Warnem\u00fcnde und die Robben Seehundforschungsstation &#8211; Warnem\u00fcnde &#8211; Kurztrip Thailand Bangkok &#8211; Rundreise &#8211; Kao Lak &#8211; Similan Island Weitere Urlaube mehr kommt noch&#8230;. hoffentlich \ud83d\ude42<\/p>\n","protected":false},"author":1,"featured_media":0,"parent":0,"menu_order":0,"comment_status":"closed","ping_status":"open","template":"","meta":{"footnotes":""},"class_list":["post-2","page","type-page","status-publish","hentry"],"_links":{"self":[{"href":"http:\/\/www.zerocools.net\/web\/index.php?rest_route=\/wp\/v2\/pages\/2","targetHints":{"allow":["GET"]}}],"collection":[{"href":"http:\/\/www.zerocools.net\/web\/index.php?rest_route=\/wp\/v2\/pages"}],"about":[{"href":"http:\/\/www.zerocools.net\/web\/index.php?rest_route=\/wp\/v2\/types\/page"}],"author":[{"embeddable":true,"href":"http:\/\/www.zerocools.net\/web\/index.php?rest_route=\/wp\/v2\/users\/1"}],"replies":[{"embeddable":true,"href":"http:\/\/www.zerocools.net\/web\/index.php?rest_route=%2Fwp%2Fv2%2Fcomments&post=2"}],"version-history":[{"count":3,"href":"http:\/\/www.zerocools.net\/web\/index.php?rest_route=\/wp\/v2\/pages\/2\/revisions"}],"predecessor-version":[{"id":315,"href":"http:\/\/www.zerocools.net\/web\/index.php?rest_route=\/wp\/v2\/pages\/2\/revisions\/315"}],"wp:attachment":[{"href":"http:\/\/www.zerocools.net\/web\/index.php?rest_route=%2Fwp%2Fv2%2Fmedia&parent=2"}],"curies":[{"name":"wp","href":"https:\/\/api.w.org\/{rel}","templated":true}]}}